{"id":8834,"date":"2022-12-12T17:49:59","date_gmt":"2022-12-12T16:49:59","guid":{"rendered":"https:\/\/www.hotel-paladina-tessin.ch\/delizie-culinarie\/cibo-e-bevande\/"},"modified":"2025-08-06T16:58:27","modified_gmt":"2025-08-06T14:58:27","slug":"cibo-e-bevande","status":"publish","type":"page","link":"https:\/\/www.hotel-paladina-tessin.ch\/it\/delizie-culinarie\/cibo-e-bevande\/","title":{"rendered":"Cibo e bevande"},"content":{"rendered":"","protected":false},"excerpt":{"rendered":"","protected":false},"author":18,"featured_media":6094,"parent":8832,"menu_order":0,"comment_status":"closed","ping_status":"closed","template":"","meta":{"_acf_changed":false,"footnotes":""},"class_list":["post-8834","page","type-page","status-publish","has-post-thumbnail","hentry"],"acf":[],"yoast_head":"<!-- This site is optimized with the Yoast SEO plugin v27.4 - https:\/\/yoast.com\/product\/yoast-seo-wordpress\/ -->\n<title>Hotel Paladina, la nostra cucina. Le specialit\u00e0 in sintesi.<\/title>\n<meta name=\"description\" content=\"Uno sguardo dietro le quinte La nostra cucina crea specialit\u00e0 regionali Ecco una panoramica delle pi\u00f9 importanti.\" \/>\n<meta name=\"robots\" content=\"index, follow, max-snippet:-1, max-image-preview:large, max-video-preview:-1\" \/>\n<link rel=\"canonical\" href=\"https:\/\/www.hotel-paladina-tessin.ch\/it\/delizie-culinarie\/cibo-e-bevande\/\" \/>\n<meta property=\"og:locale\" content=\"it_IT\" \/>\n<meta property=\"og:type\" content=\"article\" \/>\n<meta property=\"og:title\" content=\"Hotel Paladina, la nostra cucina. Le specialit\u00e0 in sintesi.\" \/>\n<meta property=\"og:description\" content=\"Uno sguardo dietro le quinte La nostra cucina crea specialit\u00e0 regionali Ecco una panoramica delle pi\u00f9 importanti.\" \/>\n<meta property=\"og:url\" content=\"https:\/\/www.hotel-paladina-tessin.ch\/it\/delizie-culinarie\/cibo-e-bevande\/\" \/>\n<meta property=\"og:site_name\" content=\"Hotel Paladina im Tessin\" \/>\n<meta property=\"article:publisher\" content=\"https:\/\/www.facebook.com\/HotelPaladina\/\" \/>\n<meta property=\"article:modified_time\" content=\"2025-08-06T14:58:27+00:00\" \/>\n<meta property=\"og:image\" content=\"https:\/\/www.hotel-paladina-tessin.ch\/wp-content\/uploads\/2022\/12\/Screenshot-2022-12-16-at-09-32-12-Hotel-Paladina-Design-Web-Praesentation-1-1024x525.png\" \/>\n\t<meta property=\"og:image:width\" content=\"1024\" \/>\n\t<meta property=\"og:image:height\" content=\"525\" \/>\n\t<meta property=\"og:image:type\" content=\"image\/png\" \/>\n<meta name=\"twitter:card\" content=\"summary_large_image\" \/>\n<meta name=\"twitter:label1\" content=\"Tempo di lettura stimato\" \/>\n\t<meta name=\"twitter:data1\" content=\"1 minuto\" \/>\n<script type=\"application\/ld+json\" class=\"yoast-schema-graph\">{\"@context\":\"https:\\\/\\\/schema.org\",\"@graph\":[{\"@type\":\"WebPage\",\"@id\":\"https:\\\/\\\/www.hotel-paladina-tessin.ch\\\/it\\\/delizie-culinarie\\\/cibo-e-bevande\\\/\",\"url\":\"https:\\\/\\\/www.hotel-paladina-tessin.ch\\\/it\\\/delizie-culinarie\\\/cibo-e-bevande\\\/\",\"name\":\"Hotel Paladina, la nostra cucina. Le specialit\u00e0 in sintesi.\",\"isPartOf\":{\"@id\":\"https:\\\/\\\/www.hotel-paladina-tessin.ch\\\/#website\"},\"primaryImageOfPage\":{\"@id\":\"https:\\\/\\\/www.hotel-paladina-tessin.ch\\\/it\\\/delizie-culinarie\\\/cibo-e-bevande\\\/#primaryimage\"},\"image\":{\"@id\":\"https:\\\/\\\/www.hotel-paladina-tessin.ch\\\/it\\\/delizie-culinarie\\\/cibo-e-bevande\\\/#primaryimage\"},\"thumbnailUrl\":\"https:\\\/\\\/www.hotel-paladina-tessin.ch\\\/wp-content\\\/uploads\\\/2022\\\/12\\\/Screenshot-2022-12-16-at-09-32-12-Hotel-Paladina-Design-Web-Praesentation-1.png\",\"datePublished\":\"2022-12-12T16:49:59+00:00\",\"dateModified\":\"2025-08-06T14:58:27+00:00\",\"description\":\"Uno sguardo dietro le quinte La nostra cucina crea specialit\u00e0 regionali Ecco una panoramica delle pi\u00f9 importanti.\",\"breadcrumb\":{\"@id\":\"https:\\\/\\\/www.hotel-paladina-tessin.ch\\\/it\\\/delizie-culinarie\\\/cibo-e-bevande\\\/#breadcrumb\"},\"inLanguage\":\"it-IT\",\"potentialAction\":[{\"@type\":\"ReadAction\",\"target\":[\"https:\\\/\\\/www.hotel-paladina-tessin.ch\\\/it\\\/delizie-culinarie\\\/cibo-e-bevande\\\/\"]}]},{\"@type\":\"ImageObject\",\"inLanguage\":\"it-IT\",\"@id\":\"https:\\\/\\\/www.hotel-paladina-tessin.ch\\\/it\\\/delizie-culinarie\\\/cibo-e-bevande\\\/#primaryimage\",\"url\":\"https:\\\/\\\/www.hotel-paladina-tessin.ch\\\/wp-content\\\/uploads\\\/2022\\\/12\\\/Screenshot-2022-12-16-at-09-32-12-Hotel-Paladina-Design-Web-Praesentation-1.png\",\"contentUrl\":\"https:\\\/\\\/www.hotel-paladina-tessin.ch\\\/wp-content\\\/uploads\\\/2022\\\/12\\\/Screenshot-2022-12-16-at-09-32-12-Hotel-Paladina-Design-Web-Praesentation-1.png\",\"width\":3014,\"height\":1544},{\"@type\":\"BreadcrumbList\",\"@id\":\"https:\\\/\\\/www.hotel-paladina-tessin.ch\\\/it\\\/delizie-culinarie\\\/cibo-e-bevande\\\/#breadcrumb\",\"itemListElement\":[{\"@type\":\"ListItem\",\"position\":1,\"name\":\"Startseite\",\"item\":\"https:\\\/\\\/www.hotel-paladina-tessin.ch\\\/it\\\/startesite\\\/\"},{\"@type\":\"ListItem\",\"position\":2,\"name\":\"Delizie culinarie\",\"item\":\"https:\\\/\\\/www.hotel-paladina-tessin.ch\\\/it\\\/delizie-culinarie\\\/\"},{\"@type\":\"ListItem\",\"position\":3,\"name\":\"Cibo e bevande\"}]},{\"@type\":\"WebSite\",\"@id\":\"https:\\\/\\\/www.hotel-paladina-tessin.ch\\\/#website\",\"url\":\"https:\\\/\\\/www.hotel-paladina-tessin.ch\\\/\",\"name\":\"Hotel Paladina im Tessin\",\"description\":\"Sch\u00f6nste Ferien auf 85&#039;000 m2!\",\"publisher\":{\"@id\":\"https:\\\/\\\/www.hotel-paladina-tessin.ch\\\/#organization\"},\"potentialAction\":[{\"@type\":\"SearchAction\",\"target\":{\"@type\":\"EntryPoint\",\"urlTemplate\":\"https:\\\/\\\/www.hotel-paladina-tessin.ch\\\/?s={search_term_string}\"},\"query-input\":{\"@type\":\"PropertyValueSpecification\",\"valueRequired\":true,\"valueName\":\"search_term_string\"}}],\"inLanguage\":\"it-IT\"},{\"@type\":\"Organization\",\"@id\":\"https:\\\/\\\/www.hotel-paladina-tessin.ch\\\/#organization\",\"name\":\"Hotel Paladina im Tessin\",\"url\":\"https:\\\/\\\/www.hotel-paladina-tessin.ch\\\/\",\"logo\":{\"@type\":\"ImageObject\",\"inLanguage\":\"it-IT\",\"@id\":\"https:\\\/\\\/www.hotel-paladina-tessin.ch\\\/#\\\/schema\\\/logo\\\/image\\\/\",\"url\":\"https:\\\/\\\/www.hotel-paladina-tessin.ch\\\/wp-content\\\/uploads\\\/2022\\\/12\\\/logo_paladina.png\",\"contentUrl\":\"https:\\\/\\\/www.hotel-paladina-tessin.ch\\\/wp-content\\\/uploads\\\/2022\\\/12\\\/logo_paladina.png\",\"width\":440,\"height\":350,\"caption\":\"Hotel Paladina im Tessin\"},\"image\":{\"@id\":\"https:\\\/\\\/www.hotel-paladina-tessin.ch\\\/#\\\/schema\\\/logo\\\/image\\\/\"},\"sameAs\":[\"https:\\\/\\\/www.facebook.com\\\/HotelPaladina\\\/\",\"https:\\\/\\\/www.youtube.com\\\/user\\\/HotelPaladina\",\"https:\\\/\\\/www.instagram.com\\\/hotel_paladina\\\/\"]}]}<\/script>\n<!-- \/ Yoast SEO plugin. -->","yoast_head_json":{"title":"Hotel Paladina, la nostra cucina. Le specialit\u00e0 in sintesi.","description":"Uno sguardo dietro le quinte La nostra cucina crea specialit\u00e0 regionali Ecco una panoramica delle pi\u00f9 importanti.","robots":{"index":"index","follow":"follow","max-snippet":"max-snippet:-1","max-image-preview":"max-image-preview:large","max-video-preview":"max-video-preview:-1"},"canonical":"https:\/\/www.hotel-paladina-tessin.ch\/it\/delizie-culinarie\/cibo-e-bevande\/","og_locale":"it_IT","og_type":"article","og_title":"Hotel Paladina, la nostra cucina. Le specialit\u00e0 in sintesi.","og_description":"Uno sguardo dietro le quinte La nostra cucina crea specialit\u00e0 regionali Ecco una panoramica delle pi\u00f9 importanti.","og_url":"https:\/\/www.hotel-paladina-tessin.ch\/it\/delizie-culinarie\/cibo-e-bevande\/","og_site_name":"Hotel Paladina im Tessin","article_publisher":"https:\/\/www.facebook.com\/HotelPaladina\/","article_modified_time":"2025-08-06T14:58:27+00:00","og_image":[{"width":1024,"height":525,"url":"https:\/\/www.hotel-paladina-tessin.ch\/wp-content\/uploads\/2022\/12\/Screenshot-2022-12-16-at-09-32-12-Hotel-Paladina-Design-Web-Praesentation-1-1024x525.png","type":"image\/png"}],"twitter_card":"summary_large_image","twitter_misc":{"Tempo di lettura stimato":"1 minuto"},"schema":{"@context":"https:\/\/schema.org","@graph":[{"@type":"WebPage","@id":"https:\/\/www.hotel-paladina-tessin.ch\/it\/delizie-culinarie\/cibo-e-bevande\/","url":"https:\/\/www.hotel-paladina-tessin.ch\/it\/delizie-culinarie\/cibo-e-bevande\/","name":"Hotel Paladina, la nostra cucina. Le specialit\u00e0 in sintesi.","isPartOf":{"@id":"https:\/\/www.hotel-paladina-tessin.ch\/#website"},"primaryImageOfPage":{"@id":"https:\/\/www.hotel-paladina-tessin.ch\/it\/delizie-culinarie\/cibo-e-bevande\/#primaryimage"},"image":{"@id":"https:\/\/www.hotel-paladina-tessin.ch\/it\/delizie-culinarie\/cibo-e-bevande\/#primaryimage"},"thumbnailUrl":"https:\/\/www.hotel-paladina-tessin.ch\/wp-content\/uploads\/2022\/12\/Screenshot-2022-12-16-at-09-32-12-Hotel-Paladina-Design-Web-Praesentation-1.png","datePublished":"2022-12-12T16:49:59+00:00","dateModified":"2025-08-06T14:58:27+00:00","description":"Uno sguardo dietro le quinte La nostra cucina crea specialit\u00e0 regionali Ecco una panoramica delle pi\u00f9 importanti.","breadcrumb":{"@id":"https:\/\/www.hotel-paladina-tessin.ch\/it\/delizie-culinarie\/cibo-e-bevande\/#breadcrumb"},"inLanguage":"it-IT","potentialAction":[{"@type":"ReadAction","target":["https:\/\/www.hotel-paladina-tessin.ch\/it\/delizie-culinarie\/cibo-e-bevande\/"]}]},{"@type":"ImageObject","inLanguage":"it-IT","@id":"https:\/\/www.hotel-paladina-tessin.ch\/it\/delizie-culinarie\/cibo-e-bevande\/#primaryimage","url":"https:\/\/www.hotel-paladina-tessin.ch\/wp-content\/uploads\/2022\/12\/Screenshot-2022-12-16-at-09-32-12-Hotel-Paladina-Design-Web-Praesentation-1.png","contentUrl":"https:\/\/www.hotel-paladina-tessin.ch\/wp-content\/uploads\/2022\/12\/Screenshot-2022-12-16-at-09-32-12-Hotel-Paladina-Design-Web-Praesentation-1.png","width":3014,"height":1544},{"@type":"BreadcrumbList","@id":"https:\/\/www.hotel-paladina-tessin.ch\/it\/delizie-culinarie\/cibo-e-bevande\/#breadcrumb","itemListElement":[{"@type":"ListItem","position":1,"name":"Startseite","item":"https:\/\/www.hotel-paladina-tessin.ch\/it\/startesite\/"},{"@type":"ListItem","position":2,"name":"Delizie culinarie","item":"https:\/\/www.hotel-paladina-tessin.ch\/it\/delizie-culinarie\/"},{"@type":"ListItem","position":3,"name":"Cibo e bevande"}]},{"@type":"WebSite","@id":"https:\/\/www.hotel-paladina-tessin.ch\/#website","url":"https:\/\/www.hotel-paladina-tessin.ch\/","name":"Hotel Paladina im Tessin","description":"Sch\u00f6nste Ferien auf 85&#039;000 m2!","publisher":{"@id":"https:\/\/www.hotel-paladina-tessin.ch\/#organization"},"potentialAction":[{"@type":"SearchAction","target":{"@type":"EntryPoint","urlTemplate":"https:\/\/www.hotel-paladina-tessin.ch\/?s={search_term_string}"},"query-input":{"@type":"PropertyValueSpecification","valueRequired":true,"valueName":"search_term_string"}}],"inLanguage":"it-IT"},{"@type":"Organization","@id":"https:\/\/www.hotel-paladina-tessin.ch\/#organization","name":"Hotel Paladina im Tessin","url":"https:\/\/www.hotel-paladina-tessin.ch\/","logo":{"@type":"ImageObject","inLanguage":"it-IT","@id":"https:\/\/www.hotel-paladina-tessin.ch\/#\/schema\/logo\/image\/","url":"https:\/\/www.hotel-paladina-tessin.ch\/wp-content\/uploads\/2022\/12\/logo_paladina.png","contentUrl":"https:\/\/www.hotel-paladina-tessin.ch\/wp-content\/uploads\/2022\/12\/logo_paladina.png","width":440,"height":350,"caption":"Hotel Paladina im Tessin"},"image":{"@id":"https:\/\/www.hotel-paladina-tessin.ch\/#\/schema\/logo\/image\/"},"sameAs":["https:\/\/www.facebook.com\/HotelPaladina\/","https:\/\/www.youtube.com\/user\/HotelPaladina","https:\/\/www.instagram.com\/hotel_paladina\/"]}]}},"_links":{"self":[{"href":"https:\/\/www.hotel-paladina-tessin.ch\/it\/wp-json\/wp\/v2\/pages\/8834","targetHints":{"allow":["GET"]}}],"collection":[{"href":"https:\/\/www.hotel-paladina-tessin.ch\/it\/wp-json\/wp\/v2\/pages"}],"about":[{"href":"https:\/\/www.hotel-paladina-tessin.ch\/it\/wp-json\/wp\/v2\/types\/page"}],"author":[{"embeddable":true,"href":"https:\/\/www.hotel-paladina-tessin.ch\/it\/wp-json\/wp\/v2\/users\/18"}],"replies":[{"embeddable":true,"href":"https:\/\/www.hotel-paladina-tessin.ch\/it\/wp-json\/wp\/v2\/comments?post=8834"}],"version-history":[{"count":2,"href":"https:\/\/www.hotel-paladina-tessin.ch\/it\/wp-json\/wp\/v2\/pages\/8834\/revisions"}],"predecessor-version":[{"id":9856,"href":"https:\/\/www.hotel-paladina-tessin.ch\/it\/wp-json\/wp\/v2\/pages\/8834\/revisions\/9856"}],"up":[{"embeddable":true,"href":"https:\/\/www.hotel-paladina-tessin.ch\/it\/wp-json\/wp\/v2\/pages\/8832"}],"wp:featuredmedia":[{"embeddable":true,"href":"https:\/\/www.hotel-paladina-tessin.ch\/it\/wp-json\/wp\/v2\/media\/6094"}],"wp:attachment":[{"href":"https:\/\/www.hotel-paladina-tessin.ch\/it\/wp-json\/wp\/v2\/media?parent=8834"}],"curies":[{"name":"wp","href":"https:\/\/api.w.org\/{rel}","templated":true}]}}